{"id":14416,"date":"2026-03-26T07:10:22","date_gmt":"2026-03-26T07:10:22","guid":{"rendered":"https:\/\/exchangezone.shop\/?post_type=product&#038;p=14416"},"modified":"2026-03-26T07:17:25","modified_gmt":"2026-03-26T07:17:25","slug":"more-protein-proteinpulver-meets-milkshake-love-mit-bis-zu-27-g-protein-ohne-zuckerzusatz","status":"publish","type":"product","link":"https:\/\/exchangezone.shop\/de\/produkt\/more-protein-proteinpulver-meets-milkshake-love-mit-bis-zu-27-g-protein-ohne-zuckerzusatz\/","title":{"rendered":"More Protein - Proteinpulver trifft Milchshake-Liebe mit bis zu 27 g Protein &amp; ohne Zuckerzusatz"},"content":{"rendered":"<div data-elementor-type=\"product-post\" data-elementor-id=\"14416\" class=\"elementor elementor-14416\" data-elementor-post-type=\"product\">\n\t\t\t\t<div class=\"elementor-element elementor-element-d019fac e-flex e-con-boxed e-con e-parent\" data-id=\"d019fac\" data-element_type=\"container\" data-settings=\"{&quot;ekit_has_onepagescroll_dot&quot;:&quot;yes&quot;}\">\n\t\t\t\t\t<div class=\"e-con-inner\">\n\t\t<div class=\"elementor-element elementor-element-6c8be762 e-grid e-con-full e-con e-child\" data-id=\"6c8be762\" data-element_type=\"container\" data-settings=\"{&quot;ekit_has_onepagescroll_dot&quot;:&quot;yes&quot;}\">\n\t\t\t\t<div class=\"elementor-element elementor-element-287e2023 elementor-widget elementor-widget-video\" data-id=\"287e2023\" data-element_type=\"widget\" data-settings=\"{&quot;video_type&quot;:&quot;hosted&quot;,&quot;controls&quot;:&quot;yes&quot;,&quot;ekit_we_effect_on&quot;:&quot;none&quot;}\" data-widget_type=\"video.default\">\n\t\t\t\t<div class=\"elementor-widget-container\">\n\t\t\t\t\t\t\t<div class=\"e-hosted-video elementor-wrapper elementor-open-inline\">\n\t\t\t\t\t<video class=\"elementor-video\" src=\"https:\/\/exchangezone.shop\/wp-content\/uploads\/2026\/03\/video_2026-03-25_22-09-55.mp4\" controls=\"\" preload=\"metadata\" controlslist=\"nodownload\"><\/video>\n\t\t\t\t<\/div>\n\t\t\t\t\t\t<\/div>\n\t\t\t\t<\/div>\n\t\t\t\t<div class=\"elementor-element elementor-element-135d35c9 elementor-widget elementor-widget-text-editor\" data-id=\"135d35c9\" data-element_type=\"widget\" data-settings=\"{&quot;ekit_we_effect_on&quot;:&quot;none&quot;}\" data-widget_type=\"text-editor.default\">\n\t\t\t\t<div class=\"elementor-widget-container\">\n\t\t\t\t\t\t\t\t\t<div class=\"elementor-widget-container\">\n\t\t\t\t\t\t\t\t\t# Product details\n\n<div class=\"product-table\">\n  <div class=\"product-row\">\n    <div class=\"product-label\">Geschmack<\/div>\n    <div class=\"product-value\">Vanilla ice cream<\/div>\n  <\/div>\n  <div class=\"product-row\">\n    <div class=\"product-label\"><strong>Item weight<\/strong><\/div>\n    <div class=\"product-value\"><strong>600 Grams<\/strong><\/div>\n  <\/div>\n  <div class=\"product-row\">\n    <div class=\"product-label\"><strong>Material type free<\/strong><\/div>\n    <div class=\"product-value\"><strong>Caffeine Free<\/strong><\/div>\n  <\/div>\n  <div class=\"product-row\">\n    <div class=\"product-label\"><strong>Diet type<\/strong><\/div>\n    <div class=\"product-value\"><strong>Vegetarian<\/strong><\/div>\n  <\/div>\n  <div class=\"product-row\">\n    <div class=\"product-label\"><strong>Product benefits<\/strong><\/div>\n    <div class=\"product-value\"><strong>Muscle Growth<\/strong><\/div>\n  <\/div>\n  <div class=\"product-row\">\n    <div class=\"product-label\"><strong>Protein source<\/strong><\/div>\n    <div class=\"product-value\"><strong>Whey<\/strong><\/div>\n  <\/div>\n  <div class=\"product-row\">\n    <div class=\"product-label\"><strong>Unit count<\/strong><\/div>\n    <div class=\"product-value\"><strong>600.0 Grams<\/strong><\/div>\n  <\/div>\n<\/div>\n\n<style>\n.product-table {\n  width: 100%;\n  border-top: 1px solid #000;\n  font-family: Arial, sans-serif;\n}\n\n.product-row {\n  display: flex;\n  border-bottom: 1px solid #000;\n  padding: 12px 0;\n}\n\n.product-label {\n  flex: 1;\n  font-weight: bold;\n  min-width: 200px;\n  padding-right: 20px;\n}\n\n.product-value {\n  flex: 1;\n  min-width: 200px;\n}\n<\/style>\t\t\t\t\t\t\t\t<\/div>\n\t\t\t\t<\/div>\n\t\t\t\t<\/div>\n\t\t\t\t\t<\/div>\n\t\t\t\t<\/div>\n\t\t<div class=\"elementor-element elementor-element-36f874b3 e-flex e-con-boxed e-con e-parent\" data-id=\"36f874b3\" data-element_type=\"container\" data-settings=\"{&quot;ekit_has_onepagescroll_dot&quot;:&quot;yes&quot;}\">\n\t\t\t\t\t<div class=\"e-con-inner\">\n\t\t<div class=\"elementor-element elementor-element-27fe9fd0 e-con-full e-flex e-con e-child\" data-id=\"27fe9fd0\" data-element_type=\"container\" data-settings=\"{&quot;ekit_has_onepagescroll_dot&quot;:&quot;yes&quot;}\">\n\t\t\t\t<div class=\"elementor-element elementor-element-e455032 elementor-widget elementor-widget-image\" data-id=\"e455032\" data-element_type=\"widget\" data-settings=\"{&quot;ekit_we_effect_on&quot;:&quot;none&quot;}\" data-widget_type=\"image.default\">\n\t\t\t\t<div class=\"elementor-widget-container\">\n\t\t\t\t\t\t\t\t\t\t\t\t\t\t\t<img loading=\"lazy\" decoding=\"async\" width=\"800\" height=\"800\" src=\"https:\/\/exchangezone.shop\/wp-content\/uploads\/2026\/03\/a6699512c9a44c71871f2bf54df6ba8btplv-t5fjg24jzw-resize-jpeg_800_800-1.jpg\" class=\"attachment-large size-large wp-image-14436 wvs-archive-product-image\" alt=\"\" srcset=\"https:\/\/exchangezone.shop\/wp-content\/uploads\/2026\/03\/a6699512c9a44c71871f2bf54df6ba8btplv-t5fjg24jzw-resize-jpeg_800_800-1.jpg 800w, https:\/\/exchangezone.shop\/wp-content\/uploads\/2026\/03\/a6699512c9a44c71871f2bf54df6ba8btplv-t5fjg24jzw-resize-jpeg_800_800-1-300x300.jpg 300w, https:\/\/exchangezone.shop\/wp-content\/uploads\/2026\/03\/a6699512c9a44c71871f2bf54df6ba8btplv-t5fjg24jzw-resize-jpeg_800_800-1-150x150.jpg 150w, https:\/\/exchangezone.shop\/wp-content\/uploads\/2026\/03\/a6699512c9a44c71871f2bf54df6ba8btplv-t5fjg24jzw-resize-jpeg_800_800-1-768x768.jpg 768w, https:\/\/exchangezone.shop\/wp-content\/uploads\/2026\/03\/a6699512c9a44c71871f2bf54df6ba8btplv-t5fjg24jzw-resize-jpeg_800_800-1-12x12.jpg 12w, https:\/\/exchangezone.shop\/wp-content\/uploads\/2026\/03\/a6699512c9a44c71871f2bf54df6ba8btplv-t5fjg24jzw-resize-jpeg_800_800-1-600x600.jpg 600w, https:\/\/exchangezone.shop\/wp-content\/uploads\/2026\/03\/a6699512c9a44c71871f2bf54df6ba8btplv-t5fjg24jzw-resize-jpeg_800_800-1-100x100.jpg 100w, https:\/\/exchangezone.shop\/wp-content\/uploads\/2026\/03\/a6699512c9a44c71871f2bf54df6ba8btplv-t5fjg24jzw-resize-jpeg_800_800-1-50x50.jpg 50w, https:\/\/exchangezone.shop\/wp-content\/uploads\/2026\/03\/a6699512c9a44c71871f2bf54df6ba8btplv-t5fjg24jzw-resize-jpeg_800_800-1-1x1.jpg 1w, https:\/\/exchangezone.shop\/wp-content\/uploads\/2026\/03\/a6699512c9a44c71871f2bf54df6ba8btplv-t5fjg24jzw-resize-jpeg_800_800-1-10x10.jpg 10w\" sizes=\"auto, (max-width: 800px) 100vw, 800px\" \/>\t\t\t\t\t\t\t\t\t\t\t\t\t\t\t<\/div>\n\t\t\t\t<\/div>\n\t\t\t\t<div class=\"elementor-element elementor-element-1ebe4a16 elementor-widget elementor-widget-image\" data-id=\"1ebe4a16\" data-element_type=\"widget\" data-settings=\"{&quot;ekit_we_effect_on&quot;:&quot;none&quot;}\" data-widget_type=\"image.default\">\n\t\t\t\t<div class=\"elementor-widget-container\">\n\t\t\t\t\t\t\t\t\t\t\t\t\t\t\t<img loading=\"lazy\" decoding=\"async\" width=\"800\" height=\"800\" src=\"https:\/\/exchangezone.shop\/wp-content\/uploads\/2026\/03\/ca7db7bbd5004446999fd7a0cf485992tplv-t5fjg24jzw-resize-jpeg_800_800-1.jpg\" class=\"attachment-full size-full wp-image-14437 wvs-archive-product-image\" alt=\"\" srcset=\"https:\/\/exchangezone.shop\/wp-content\/uploads\/2026\/03\/ca7db7bbd5004446999fd7a0cf485992tplv-t5fjg24jzw-resize-jpeg_800_800-1.jpg 800w, https:\/\/exchangezone.shop\/wp-content\/uploads\/2026\/03\/ca7db7bbd5004446999fd7a0cf485992tplv-t5fjg24jzw-resize-jpeg_800_800-1-300x300.jpg 300w, https:\/\/exchangezone.shop\/wp-content\/uploads\/2026\/03\/ca7db7bbd5004446999fd7a0cf485992tplv-t5fjg24jzw-resize-jpeg_800_800-1-150x150.jpg 150w, https:\/\/exchangezone.shop\/wp-content\/uploads\/2026\/03\/ca7db7bbd5004446999fd7a0cf485992tplv-t5fjg24jzw-resize-jpeg_800_800-1-768x768.jpg 768w, https:\/\/exchangezone.shop\/wp-content\/uploads\/2026\/03\/ca7db7bbd5004446999fd7a0cf485992tplv-t5fjg24jzw-resize-jpeg_800_800-1-12x12.jpg 12w, https:\/\/exchangezone.shop\/wp-content\/uploads\/2026\/03\/ca7db7bbd5004446999fd7a0cf485992tplv-t5fjg24jzw-resize-jpeg_800_800-1-600x600.jpg 600w, https:\/\/exchangezone.shop\/wp-content\/uploads\/2026\/03\/ca7db7bbd5004446999fd7a0cf485992tplv-t5fjg24jzw-resize-jpeg_800_800-1-100x100.jpg 100w, https:\/\/exchangezone.shop\/wp-content\/uploads\/2026\/03\/ca7db7bbd5004446999fd7a0cf485992tplv-t5fjg24jzw-resize-jpeg_800_800-1-50x50.jpg 50w, https:\/\/exchangezone.shop\/wp-content\/uploads\/2026\/03\/ca7db7bbd5004446999fd7a0cf485992tplv-t5fjg24jzw-resize-jpeg_800_800-1-1x1.jpg 1w, https:\/\/exchangezone.shop\/wp-content\/uploads\/2026\/03\/ca7db7bbd5004446999fd7a0cf485992tplv-t5fjg24jzw-resize-jpeg_800_800-1-10x10.jpg 10w\" sizes=\"auto, (max-width: 800px) 100vw, 800px\" \/>\t\t\t\t\t\t\t\t\t\t\t\t\t\t\t<\/div>\n\t\t\t\t<\/div>\n\t\t\t\t<div class=\"elementor-element elementor-element-362f7822 elementor-widget elementor-widget-image\" data-id=\"362f7822\" data-element_type=\"widget\" data-settings=\"{&quot;ekit_we_effect_on&quot;:&quot;none&quot;}\" data-widget_type=\"image.default\">\n\t\t\t\t<div class=\"elementor-widget-container\">\n\t\t\t\t\t\t\t\t\t\t\t\t\t\t\t<img loading=\"lazy\" decoding=\"async\" width=\"800\" height=\"800\" src=\"https:\/\/exchangezone.shop\/wp-content\/uploads\/2026\/03\/c85b9281ded542fc9e8ffa99120702bdtplv-t5fjg24jzw-resize-jpeg_800_800-1.jpg\" class=\"attachment-full size-full wp-image-14438 wvs-archive-product-image\" alt=\"\" srcset=\"https:\/\/exchangezone.shop\/wp-content\/uploads\/2026\/03\/c85b9281ded542fc9e8ffa99120702bdtplv-t5fjg24jzw-resize-jpeg_800_800-1.jpg 800w, https:\/\/exchangezone.shop\/wp-content\/uploads\/2026\/03\/c85b9281ded542fc9e8ffa99120702bdtplv-t5fjg24jzw-resize-jpeg_800_800-1-300x300.jpg 300w, https:\/\/exchangezone.shop\/wp-content\/uploads\/2026\/03\/c85b9281ded542fc9e8ffa99120702bdtplv-t5fjg24jzw-resize-jpeg_800_800-1-150x150.jpg 150w, https:\/\/exchangezone.shop\/wp-content\/uploads\/2026\/03\/c85b9281ded542fc9e8ffa99120702bdtplv-t5fjg24jzw-resize-jpeg_800_800-1-768x768.jpg 768w, https:\/\/exchangezone.shop\/wp-content\/uploads\/2026\/03\/c85b9281ded542fc9e8ffa99120702bdtplv-t5fjg24jzw-resize-jpeg_800_800-1-12x12.jpg 12w, https:\/\/exchangezone.shop\/wp-content\/uploads\/2026\/03\/c85b9281ded542fc9e8ffa99120702bdtplv-t5fjg24jzw-resize-jpeg_800_800-1-600x600.jpg 600w, https:\/\/exchangezone.shop\/wp-content\/uploads\/2026\/03\/c85b9281ded542fc9e8ffa99120702bdtplv-t5fjg24jzw-resize-jpeg_800_800-1-100x100.jpg 100w, https:\/\/exchangezone.shop\/wp-content\/uploads\/2026\/03\/c85b9281ded542fc9e8ffa99120702bdtplv-t5fjg24jzw-resize-jpeg_800_800-1-50x50.jpg 50w, https:\/\/exchangezone.shop\/wp-content\/uploads\/2026\/03\/c85b9281ded542fc9e8ffa99120702bdtplv-t5fjg24jzw-resize-jpeg_800_800-1-1x1.jpg 1w, https:\/\/exchangezone.shop\/wp-content\/uploads\/2026\/03\/c85b9281ded542fc9e8ffa99120702bdtplv-t5fjg24jzw-resize-jpeg_800_800-1-10x10.jpg 10w\" sizes=\"auto, (max-width: 800px) 100vw, 800px\" \/>\t\t\t\t\t\t\t\t\t\t\t\t\t\t\t<\/div>\n\t\t\t\t<\/div>\n\t\t\t\t<\/div>\n\t\t<div class=\"elementor-element elementor-element-489b7f1e e-con-full e-flex e-con e-child\" data-id=\"489b7f1e\" data-element_type=\"container\" data-settings=\"{&quot;ekit_has_onepagescroll_dot&quot;:&quot;yes&quot;}\">\n\t\t\t\t<div class=\"elementor-element elementor-element-4646060e elementor-widget elementor-widget-image\" data-id=\"4646060e\" data-element_type=\"widget\" data-settings=\"{&quot;ekit_we_effect_on&quot;:&quot;none&quot;}\" data-widget_type=\"image.default\">\n\t\t\t\t<div class=\"elementor-widget-container\">\n\t\t\t\t\t\t\t\t\t\t\t\t\t\t\t<img loading=\"lazy\" decoding=\"async\" width=\"1024\" height=\"437\" src=\"https:\/\/exchangezone.shop\/wp-content\/uploads\/2026\/03\/9b1a01ca-9652-4000-b621-3362210af4de.__CR00970300_PT0_SX970_V1___3-1024x437.jpg\" class=\"attachment-large size-large wp-image-14439 wvs-archive-product-image\" alt=\"\" srcset=\"https:\/\/exchangezone.shop\/wp-content\/uploads\/2026\/03\/9b1a01ca-9652-4000-b621-3362210af4de.__CR00970300_PT0_SX970_V1___3-1024x437.jpg 1024w, https:\/\/exchangezone.shop\/wp-content\/uploads\/2026\/03\/9b1a01ca-9652-4000-b621-3362210af4de.__CR00970300_PT0_SX970_V1___3-300x128.jpg 300w, https:\/\/exchangezone.shop\/wp-content\/uploads\/2026\/03\/9b1a01ca-9652-4000-b621-3362210af4de.__CR00970300_PT0_SX970_V1___3-768x328.jpg 768w, https:\/\/exchangezone.shop\/wp-content\/uploads\/2026\/03\/9b1a01ca-9652-4000-b621-3362210af4de.__CR00970300_PT0_SX970_V1___3-18x8.jpg 18w, https:\/\/exchangezone.shop\/wp-content\/uploads\/2026\/03\/9b1a01ca-9652-4000-b621-3362210af4de.__CR00970300_PT0_SX970_V1___3-600x256.jpg 600w, https:\/\/exchangezone.shop\/wp-content\/uploads\/2026\/03\/9b1a01ca-9652-4000-b621-3362210af4de.__CR00970300_PT0_SX970_V1___3-1x1.jpg 1w, https:\/\/exchangezone.shop\/wp-content\/uploads\/2026\/03\/9b1a01ca-9652-4000-b621-3362210af4de.__CR00970300_PT0_SX970_V1___3-10x4.jpg 10w, https:\/\/exchangezone.shop\/wp-content\/uploads\/2026\/03\/9b1a01ca-9652-4000-b621-3362210af4de.__CR00970300_PT0_SX970_V1___3.jpg 1464w\" sizes=\"auto, (max-width: 1024px) 100vw, 1024px\" \/>\t\t\t\t\t\t\t\t\t\t\t\t\t\t\t<\/div>\n\t\t\t\t<\/div>\n\t\t\t\t<\/div>\n\t\t\t\t\t<\/div>\n\t\t\t\t<\/div>\n\t\t<div class=\"elementor-element elementor-element-49002ec9 e-flex e-con-boxed e-con e-parent\" data-id=\"49002ec9\" data-element_type=\"container\" data-settings=\"{&quot;ekit_has_onepagescroll_dot&quot;:&quot;yes&quot;}\">\n\t\t\t\t\t<div class=\"e-con-inner\">\n\t\t\t\t<div class=\"elementor-element elementor-element-41e3a7b elementor-position-left elementor-vertical-align-middle elementor-widget elementor-widget-image-box\" data-id=\"41e3a7b\" data-element_type=\"widget\" data-settings=\"{&quot;ekit_we_effect_on&quot;:&quot;none&quot;}\" data-widget_type=\"image-box.default\">\n\t\t\t\t<div class=\"elementor-widget-container\">\n\t\t\t\t\t<div class=\"elementor-image-box-wrapper\"><figure class=\"elementor-image-box-img\"><img loading=\"lazy\" decoding=\"async\" width=\"1500\" height=\"1500\" src=\"https:\/\/exchangezone.shop\/wp-content\/uploads\/2026\/03\/71tM-vIGivL._AC_SL1500_.jpg\" class=\"attachment-full size-full wp-image-14440 wvs-archive-product-image\" alt=\"\" srcset=\"https:\/\/exchangezone.shop\/wp-content\/uploads\/2026\/03\/71tM-vIGivL._AC_SL1500_.jpg 1500w, https:\/\/exchangezone.shop\/wp-content\/uploads\/2026\/03\/71tM-vIGivL._AC_SL1500_-300x300.jpg 300w, https:\/\/exchangezone.shop\/wp-content\/uploads\/2026\/03\/71tM-vIGivL._AC_SL1500_-1024x1024.jpg 1024w, https:\/\/exchangezone.shop\/wp-content\/uploads\/2026\/03\/71tM-vIGivL._AC_SL1500_-150x150.jpg 150w, https:\/\/exchangezone.shop\/wp-content\/uploads\/2026\/03\/71tM-vIGivL._AC_SL1500_-768x768.jpg 768w, https:\/\/exchangezone.shop\/wp-content\/uploads\/2026\/03\/71tM-vIGivL._AC_SL1500_-12x12.jpg 12w, https:\/\/exchangezone.shop\/wp-content\/uploads\/2026\/03\/71tM-vIGivL._AC_SL1500_-600x600.jpg 600w, https:\/\/exchangezone.shop\/wp-content\/uploads\/2026\/03\/71tM-vIGivL._AC_SL1500_-100x100.jpg 100w, https:\/\/exchangezone.shop\/wp-content\/uploads\/2026\/03\/71tM-vIGivL._AC_SL1500_-50x50.jpg 50w, https:\/\/exchangezone.shop\/wp-content\/uploads\/2026\/03\/71tM-vIGivL._AC_SL1500_-1x1.jpg 1w, https:\/\/exchangezone.shop\/wp-content\/uploads\/2026\/03\/71tM-vIGivL._AC_SL1500_-10x10.jpg 10w\" sizes=\"auto, (max-width: 1500px) 100vw, 1500px\" \/><\/figure><div class=\"elementor-image-box-content\"><h3 class=\"elementor-image-box-title\">Kraftpaket f\u00fcr deine Ziele<\/h3><p class=\"elementor-image-box-description\">Du suchst nach einer effektiven M\u00f6glichkeit, deine Proteinzufuhr zu steigern? Unser Produkt vereint das Beste aus beiden Welten: hochwertiges Proteinpulver und den cremigen Genuss eines perfekten Shakes. Mit bis zu 27 Gramm Protein pro Portion lieferst du deinen Muskeln genau das, was sie brauchen \u2013 f\u00fcr den Sport, den Alltag oder als s\u00e4ttigende Mahlzeit zwischendurch.<\/p><\/div><\/div>\t\t\t\t<\/div>\n\t\t\t\t<\/div>\n\t\t\t\t<div class=\"elementor-element elementor-element-4ff71f28 elementor-position-right elementor-vertical-align-middle elementor-widget elementor-widget-image-box\" data-id=\"4ff71f28\" data-element_type=\"widget\" data-settings=\"{&quot;ekit_we_effect_on&quot;:&quot;none&quot;}\" data-widget_type=\"image-box.default\">\n\t\t\t\t<div class=\"elementor-widget-container\">\n\t\t\t\t\t<div class=\"elementor-image-box-wrapper\"><figure class=\"elementor-image-box-img\"><img loading=\"lazy\" decoding=\"async\" width=\"1500\" height=\"1500\" src=\"https:\/\/exchangezone.shop\/wp-content\/uploads\/2026\/03\/81Cx11T4TL._AC_SL1500_.jpg\" class=\"attachment-full size-full wp-image-14441 wvs-archive-product-image\" alt=\"\" srcset=\"https:\/\/exchangezone.shop\/wp-content\/uploads\/2026\/03\/81Cx11T4TL._AC_SL1500_.jpg 1500w, https:\/\/exchangezone.shop\/wp-content\/uploads\/2026\/03\/81Cx11T4TL._AC_SL1500_-300x300.jpg 300w, https:\/\/exchangezone.shop\/wp-content\/uploads\/2026\/03\/81Cx11T4TL._AC_SL1500_-1024x1024.jpg 1024w, https:\/\/exchangezone.shop\/wp-content\/uploads\/2026\/03\/81Cx11T4TL._AC_SL1500_-150x150.jpg 150w, https:\/\/exchangezone.shop\/wp-content\/uploads\/2026\/03\/81Cx11T4TL._AC_SL1500_-768x768.jpg 768w, https:\/\/exchangezone.shop\/wp-content\/uploads\/2026\/03\/81Cx11T4TL._AC_SL1500_-12x12.jpg 12w, https:\/\/exchangezone.shop\/wp-content\/uploads\/2026\/03\/81Cx11T4TL._AC_SL1500_-600x600.jpg 600w, https:\/\/exchangezone.shop\/wp-content\/uploads\/2026\/03\/81Cx11T4TL._AC_SL1500_-100x100.jpg 100w, https:\/\/exchangezone.shop\/wp-content\/uploads\/2026\/03\/81Cx11T4TL._AC_SL1500_-50x50.jpg 50w, https:\/\/exchangezone.shop\/wp-content\/uploads\/2026\/03\/81Cx11T4TL._AC_SL1500_-1x1.jpg 1w, https:\/\/exchangezone.shop\/wp-content\/uploads\/2026\/03\/81Cx11T4TL._AC_SL1500_-10x10.jpg 10w\" sizes=\"auto, (max-width: 1500px) 100vw, 1500px\" \/><\/figure><div class=\"elementor-image-box-content\"><h3 class=\"elementor-image-box-title\">Kein zugesetzter Zucker \u2013 purer Geschmack<\/h3><p class=\"elementor-image-box-description\">Wir verzichten bewusst auf zugesetzten Zucker. Stattdessen setzen wir auf die nat\u00fcrliche S\u00fc\u00dfe und den vollen Geschmack unserer hochwertigen Zutaten. So genie\u00dft du einen cremigen Protein-Shake, der ohne leere Kalorien auskommt und sich perfekt in deine bewusste Ern\u00e4hrung einf\u00fcgt.<\/p><\/div><\/div>\t\t\t\t<\/div>\n\t\t\t\t<\/div>\n\t\t\t\t<div class=\"elementor-element elementor-element-2e4afbeb elementor-position-left elementor-vertical-align-middle elementor-widget elementor-widget-image-box\" data-id=\"2e4afbeb\" data-element_type=\"widget\" data-settings=\"{&quot;ekit_we_effect_on&quot;:&quot;none&quot;}\" data-widget_type=\"image-box.default\">\n\t\t\t\t<div class=\"elementor-widget-container\">\n\t\t\t\t\t<div class=\"elementor-image-box-wrapper\"><figure class=\"elementor-image-box-img\"><img loading=\"lazy\" decoding=\"async\" width=\"1500\" height=\"1500\" src=\"https:\/\/exchangezone.shop\/wp-content\/uploads\/2026\/03\/71qftEQsrPL._AC_SL1500_.jpg\" class=\"attachment-full size-full wp-image-14442 wvs-archive-product-image\" alt=\"\" srcset=\"https:\/\/exchangezone.shop\/wp-content\/uploads\/2026\/03\/71qftEQsrPL._AC_SL1500_.jpg 1500w, https:\/\/exchangezone.shop\/wp-content\/uploads\/2026\/03\/71qftEQsrPL._AC_SL1500_-300x300.jpg 300w, https:\/\/exchangezone.shop\/wp-content\/uploads\/2026\/03\/71qftEQsrPL._AC_SL1500_-1024x1024.jpg 1024w, https:\/\/exchangezone.shop\/wp-content\/uploads\/2026\/03\/71qftEQsrPL._AC_SL1500_-150x150.jpg 150w, https:\/\/exchangezone.shop\/wp-content\/uploads\/2026\/03\/71qftEQsrPL._AC_SL1500_-768x768.jpg 768w, https:\/\/exchangezone.shop\/wp-content\/uploads\/2026\/03\/71qftEQsrPL._AC_SL1500_-12x12.jpg 12w, https:\/\/exchangezone.shop\/wp-content\/uploads\/2026\/03\/71qftEQsrPL._AC_SL1500_-600x600.jpg 600w, https:\/\/exchangezone.shop\/wp-content\/uploads\/2026\/03\/71qftEQsrPL._AC_SL1500_-100x100.jpg 100w, https:\/\/exchangezone.shop\/wp-content\/uploads\/2026\/03\/71qftEQsrPL._AC_SL1500_-50x50.jpg 50w, https:\/\/exchangezone.shop\/wp-content\/uploads\/2026\/03\/71qftEQsrPL._AC_SL1500_-1x1.jpg 1w, https:\/\/exchangezone.shop\/wp-content\/uploads\/2026\/03\/71qftEQsrPL._AC_SL1500_-10x10.jpg 10w\" sizes=\"auto, (max-width: 1500px) 100vw, 1500px\" \/><\/figure><div class=\"elementor-image-box-content\"><h3 class=\"elementor-image-box-title\">Einfach zubereitet, vielf\u00e4ltig einsetzbar<\/h3><p class=\"elementor-image-box-description\">Ob pur mit Wasser oder Milch, als Basis f\u00fcr dein eigenes Smoothie-Kreationen oder als Zutat in deinen Lieblingsrezepten \u2013 unser Protein-Shake l\u00e4sst sich m\u00fchelos in deinen Alltag integrieren. In wenigen Sekunden zauberst du dir einen n\u00e4hrstoffreichen Begleiter, der dich unterst\u00fctzt, ohne Kompromisse bei Geschmack und Qualit\u00e4t einzugehen.<\/p><\/div><\/div>\t\t\t\t<\/div>\n\t\t\t\t<\/div>\n\t\t\t\t\t<\/div>\n\t\t\t\t<\/div>\n\t\t\t\t<\/div>","protected":false},"excerpt":{"rendered":"<h1 class=\"a-size-base-plus a-text-bold\">\u00dcber diesen Artikel<\/h1>\n<ul class=\"a-unordered-list a-vertical a-spacing-mini\">\n<li class=\"a-spacing-mini\"><span class=\"a-list-item\">GOOD THOUGHT: No matter what goal you pursue, our Total Protein supports your body in building muscle and prevents muscle breakdown<\/span><\/li>\n<li class=\"a-spacing-mini\"><span class=\"a-list-item\">PERFECT INTEGRATED: The combination of Whey and Casein provides your muscles with high-quality protein for hours, and reduces drag<\/span><\/li>\n<\/ul>","protected":false},"featured_media":14422,"comment_status":"open","ping_status":"closed","template":"","meta":{"_acf_changed":false},"etheme_brands":[],"product_brand":[],"product_cat":[127,118],"product_tag":[],"class_list":{"0":"post-14416","1":"product","2":"type-product","3":"status-publish","4":"has-post-thumbnail","6":"product_cat-dao","7":"product_cat-sale-shop","9":"first","10":"instock","11":"sale","12":"shipping-taxable","13":"purchasable","14":"product-type-variable","15":"has-default-attributes","16":"wvs-archive-product-wrapper"},"acf":[],"_links":{"self":[{"href":"https:\/\/exchangezone.shop\/de\/wp-json\/wp\/v2\/product\/14416","targetHints":{"allow":["GET"]}}],"collection":[{"href":"https:\/\/exchangezone.shop\/de\/wp-json\/wp\/v2\/product"}],"about":[{"href":"https:\/\/exchangezone.shop\/de\/wp-json\/wp\/v2\/types\/product"}],"replies":[{"embeddable":true,"href":"https:\/\/exchangezone.shop\/de\/wp-json\/wp\/v2\/comments?post=14416"}],"version-history":[{"count":4,"href":"https:\/\/exchangezone.shop\/de\/wp-json\/wp\/v2\/product\/14416\/revisions"}],"predecessor-version":[{"id":14450,"href":"https:\/\/exchangezone.shop\/de\/wp-json\/wp\/v2\/product\/14416\/revisions\/14450"}],"wp:featuredmedia":[{"embeddable":true,"href":"https:\/\/exchangezone.shop\/de\/wp-json\/wp\/v2\/media\/14422"}],"wp:attachment":[{"href":"https:\/\/exchangezone.shop\/de\/wp-json\/wp\/v2\/media?parent=14416"}],"wp:term":[{"taxonomy":"brand","embeddable":true,"href":"https:\/\/exchangezone.shop\/de\/wp-json\/wp\/v2\/etheme_brands?post=14416"},{"taxonomy":"product_brand","embeddable":true,"href":"https:\/\/exchangezone.shop\/de\/wp-json\/wp\/v2\/product_brand?post=14416"},{"taxonomy":"product_cat","embeddable":true,"href":"https:\/\/exchangezone.shop\/de\/wp-json\/wp\/v2\/product_cat?post=14416"},{"taxonomy":"product_tag","embeddable":true,"href":"https:\/\/exchangezone.shop\/de\/wp-json\/wp\/v2\/product_tag?post=14416"}],"curies":[{"name":"wp","href":"https:\/\/api.w.org\/{rel}","templated":true}]}}